{"id":1788,"date":"2019-01-21T07:02:22","date_gmt":"2019-01-21T07:02:22","guid":{"rendered":"http:\/\/schreinerei-strell.de\/?page_id=1788"},"modified":"2023-03-14T11:52:52","modified_gmt":"2023-03-14T11:52:52","slug":"unser-betrieb","status":"publish","type":"page","link":"https:\/\/schreinerei-strell.de\/?page_id=1788","title":{"rendered":"Unser Betrieb"},"content":{"rendered":"<p>[et_pb_section fb_built=&#8220;1&#8243; next_background_color=&#8220;#ffffff&#8220; admin_label=&#8220;Hero&#8220; _builder_version=&#8220;4.16&#8243; use_background_color_gradient=&#8220;on&#8220; background_color_gradient_direction=&#8220;78deg&#8220; background_color_gradient_stops=&#8220;rgba(196,196,196,0.51) 0%|rgba(252,210,194,0) 100%&#8220; background_color_gradient_overlays_image=&#8220;on&#8220; background_color_gradient_start=&#8220;rgba(196,196,196,0.51)&#8220; background_color_gradient_end=&#8220;rgba(252,210,194,0)&#8220; background_image=&#8220;https:\/\/schreinerei-strell.de\/wp-content\/uploads\/2020\/07\/385c99ef-aa6a-4af0-bd6d-6971863e7f50.jpg&#8220; custom_margin=&#8220;|||&#8220; custom_padding=&#8220;6vw||416px||false|false&#8220; bottom_divider_style=&#8220;mountains2&#8243; bottom_divider_repeat=&#8220;0.5x&#8220; bottom_divider_flip=&#8220;horizontal|vertical&#8220; global_colors_info=&#8220;{}&#8220;][et_pb_row _builder_version=&#8220;4.16&#8243; custom_margin=&#8220;|||&#8220; custom_padding=&#8220;27px|0px|0|0px|false|false&#8220; global_colors_info=&#8220;{}&#8220;][et_pb_column type=&#8220;4_4&#8243; _builder_version=&#8220;4.16&#8243; custom_padding=&#8220;|||&#8220; global_colors_info=&#8220;{}&#8220; custom_padding__hover=&#8220;|||&#8220;][et_pb_text _builder_version=&#8220;4.16&#8243; text_font=&#8220;||||||||&#8220; header_font=&#8220;Josefin Sans|700|||||||&#8220; header_font_size=&#8220;90px&#8220; header_line_height=&#8220;1.4em&#8220; header_2_font=&#8220;Josefin Sans||||||||&#8220; header_2_text_color=&#8220;rgba(255,255,255,0.6)&#8220; header_2_font_size=&#8220;32px&#8220; header_2_line_height=&#8220;1.4em&#8220; background_layout=&#8220;dark&#8220; animation_style=&#8220;slide&#8220; animation_direction=&#8220;right&#8220; animation_intensity_slide=&#8220;4%&#8220; header_font_size_tablet=&#8220;50px&#8220; header_font_size_phone=&#8220;32px&#8220; header_font_size_last_edited=&#8220;on|desktop&#8220; header_2_font_size_tablet=&#8220;&#8220; header_2_font_size_phone=&#8220;24px&#8220; header_2_font_size_last_edited=&#8220;on|phone&#8220; text_orientation_tablet=&#8220;center&#8220; text_orientation_phone=&#8220;&#8220; text_orientation_last_edited=&#8220;on|desktop&#8220; global_colors_info=&#8220;{}&#8220;]<\/p>\n<h1>UNSER BETRIEB<\/h1>\n<p>[\/et_pb_text][\/et_pb_column][\/et_pb_row][\/et_pb_section][et_pb_section fb_built=&#8220;1&#8243; _builder_version=&#8220;4.16&#8243; max_width=&#8220;70%&#8220; max_width_tablet=&#8220;&#8220; max_width_phone=&#8220;90%&#8220; max_width_last_edited=&#8220;on|phone&#8220; module_alignment=&#8220;center&#8220; custom_margin=&#8220;2%||&#8220; custom_padding=&#8220;27px|0px|1px|0px|false|false&#8220; box_shadow_style=&#8220;preset1&#8243; box_shadow_vertical=&#8220;13px&#8220; global_colors_info=&#8220;{}&#8220;][et_pb_row _builder_version=&#8220;4.16&#8243; custom_padding=&#8220;27px|0px|18px|0px|false|false&#8220; global_colors_info=&#8220;{}&#8220;][et_pb_column type=&#8220;4_4&#8243; _builder_version=&#8220;4.16&#8243; custom_padding=&#8220;|||&#8220; global_colors_info=&#8220;{}&#8220; custom_padding__hover=&#8220;|||&#8220;][et_pb_text _builder_version=&#8220;4.16&#8243; text_font=&#8220;Poppins|300|||||||&#8220; text_font_size=&#8220;18px&#8220; header_font=&#8220;Josefin Sans|700|||||||&#8220; header_text_align=&#8220;center&#8220; header_font_size=&#8220;35px&#8220; global_colors_info=&#8220;{}&#8220;]<\/p>\n<h1>Und so hat alles begonnen<\/h1>\n<p style=\"text-align: center;\">\n<p style=\"text-align: center;\"><strong>Dahoam is Dahoam und Dahoam is am Sch\u00f6nsten,<\/strong><\/p>\n<p style=\"text-align: center;\">diese Erkenntnis ist nicht neu, aber f\u00fcr jeden wichtig. Darum sorgen wir, in individueller Abstimmung mit dem Kunden, f\u00fcr ein perfektes Zuhause und verwirklichen Ihre Wohntr\u00e4ume. Durch Zusammenspiel von h\u00f6chstem Anspruch durch meine Mitarbeiter und mir und modernsten Maschinen erreichen wir ein handwerkliche Perfektion und bieten Ihnen somit seit 2001 eine meisterliche Handwerksarbeit. Eine Planung in 3D Ansichten in fotorealistischer Perfektion, erleichtert Ihnen die Entscheidungsfindung in Sachen Aufteilung, Gr\u00f6\u00dfe, Material und Funktionalit\u00e4t. Unsere Ausstellung k\u00f6nnen sie s\u00e4mtliche Materialien und Muster besichtigen, eine T\u00fcren Vielfalt von ca. 35 verschiedenen Mustert\u00fcren wird sie begeistern. K\u00fcchenfronten, Treppen, Granitplatten finden Sie ebenfalls in der Ausstellung bei uns in Untersur.<\/p>\n<p>[\/et_pb_text][\/et_pb_column][\/et_pb_row][et_pb_row _builder_version=&#8220;4.16&#8243; global_colors_info=&#8220;{}&#8220;][et_pb_column type=&#8220;4_4&#8243; _builder_version=&#8220;4.16&#8243; custom_padding=&#8220;|||&#8220; global_colors_info=&#8220;{}&#8220; custom_padding__hover=&#8220;|||&#8220;][et_pb_code _builder_version=&#8220;4.16&#8243; global_colors_info=&#8220;{}&#8220;]<script type=\"text\/javascript\">\r\ndocument.addEventListener(\"DOMContentLoaded\", function(event) { \r\n\tjQuery( '#slider-pro-3-2515' ).sliderPro({\r\n\t\t\/\/width\r\n\t\t\t\twidth: 1000,\r\n\t\t\t\t\r\n\t\t\/\/height\r\n\t\t\t\theight: 500,\r\n\t\t\t\t\r\n\t\t\/\/auto play\r\n\t\t\t\tautoplay:  true,\r\n\t\tautoplayOnHover: 'none',\r\n\t\t\t\t\t\t\t\tautoplayDelay: 5000,\r\n\t\t\r\n\t\t\r\n\t\tarrows: true,\r\n\t\tbuttons: true,\r\n\t\tsmallSize: 500,\r\n\t\tmediumSize: 1000,\r\n\t\tlargeSize: 3000,\r\n\t\tfade: true,\r\n\t\t\r\n\t\t\/\/thumbnail\r\n\t\tthumbnailArrows: true,\r\n\t\tthumbnailWidth: 120,\r\n\t\tthumbnailHeight: 120,\r\n\t\t\t\t\t\tthumbnailsPosition: 'bottom',\r\n\t\t\t\t\t\tcenterImage: true,\r\n\t\timageScaleMode: 'cover',\r\n\t\tallowScaleUp: true,\r\n\t\t\t\tstartSlide: 0,\r\n\t\tloop: true,\r\n\t\tslideDistance: 5,\r\n\t\tautoplayDirection: 'normal',\r\n\t\ttouchSwipe: true,\r\n\t\tfullScreen: true,\r\n\t});\r\n});\r\n<\/script>\r\n<style>\r\n\/* Layout 3 *\/\r\n\/* border *\/\r\n#slider-pro-3-2515 .sp-selected-thumbnail {\r\n\tborder: 4px solid #000000;\r\n}\r\n\r\n\/* font + color *\/\r\n.title-in  {\r\n\tfont-family: Arial !important;\r\n\tcolor: #00000 !important;\r\n\tbackground-color: #FFFFFF !important;\r\n\topacity: 0.7 !important;\r\n}\r\n.desc-in  {\r\n\tfont-family: Arial !important;\r\n\tcolor: #FFFFFF !important;\r\n\tbackground-color: #00000 !important;\r\n\topacity: 0.7 !important;\r\n}\r\n\r\n\/* bullets color *\/\r\n.sp-button  {\r\n\tborder: 2px solid #000000 !important;\r\n}\r\n.sp-selected-button  {\r\n\tbackground-color: #000000 !important;\r\n}\r\n\r\n\/* pointer color - bottom *\/\r\n.sp-selected-thumbnail::before {\r\n\tborder-bottom: 5px solid #000000 !important;\r\n}\r\n.sp-selected-thumbnail::after {\r\n\tborder-bottom: 13px solid #000000 !important;\r\n}\r\n\r\n\/* pointer color - top *\/\r\n\r\n\/* full screen icon *\/\r\n.sp-full-screen-button::before {\r\n    color: #FFFFFF !important;\r\n}\r\n\r\n\/* hover navigation icon color *\/\r\n.sp-next-arrow::after, .sp-next-arrow::before {\r\n\tbackground-color: #FFFFFF !important;\r\n}\r\n.sp-previous-arrow::after, .sp-previous-arrow::before {\r\n\tbackground-color: #FFFFFF !important;\r\n}\r\n\r\n#slider-pro-3-2515 .title-in {\r\n\tcolor: #00000 !important;\r\n\tfont-weight: bolder;\r\n\ttext-align: center;\r\n}\r\n\r\n#slider-pro-3-2515 .title-in-bg {\r\n\tbackground: rgba(255, 255, 255, 0.7); !important;\r\n\twhite-space: unset !important;\r\n\tmax-width: 90%;\r\n\tmin-width: 40%;\r\n\ttransform: initial !important;\r\n\t-webkit-transform: initial !important;\r\n\tfont-size: 14px !important;\r\n}\r\n\r\n#slider-pro-3-2515 .desc-in {\r\n\tcolor: #FFFFFF !important;\r\n\ttext-align: center;\r\n}\r\n#slider-pro-3-2515 .desc-in-bg {\r\n\tbackground: rgba(#00000, 0.7) !important;\r\n\twhite-space: unset !important;\r\n\twidth: 80% !important;\r\n\tmin-width: 30%;\r\n\ttransform: initial !important;\r\n\t-webkit-transform: initial !important;\r\n\tfont-size: 13px !important;\r\n}\r\n\r\n@media (max-width: 640px) {\r\n\t#slider-pro-3-2515 .hide-small-screen {\r\n\t\tdisplay: none;\r\n\t}\r\n}\r\n\r\n@media (max-width: 860px) {\r\n\t#slider-pro-3-2515 .sp-layer {\r\n\t\tfont-size: 18px;\r\n\t}\r\n\t\r\n\t#slider-pro-3-2515 .hide-medium-screen {\r\n\t\tdisplay: none;\r\n\t}\r\n}\r\n.slides-not-found {\r\n\tbackground-color: #a92929;\r\n\tborder-radius: 5px;\r\n\tcolor: #fff;\r\n\tfont-family: initial;\r\n\ttext-align: center;\r\n\tpadding:12px;\r\n}\r\n\/* Custom CSS *\/\r\n<\/style>\r\n\t\t<div id=\"slider-pro-3-2515\" class=\"slider-pro\">\r\n\t\t\t<!---- slides div start ---->\r\n\t\t\t<div class=\"sp-slides\">\r\n\t\t\t\t\t\t\t\t\t\t<div class=\"sp-slide\">\r\n\t\t\t\t\t\t\t<img decoding=\"async\" class=\"sp-image\" alt=\"87796b58-7b30-4afc-856e-1d95b3b14cfe\" src=\"https:\/\/schreinerei-strell.de\/wp-content\/plugins\/ultimate-responsive-image-slider\/assets\/css\/images\/blank.gif\" data-src=\"https:\/\/schreinerei-strell.de\/wp-content\/uploads\/2020\/07\/87796b58-7b30-4afc-856e-1d95b3b14cfe.jpg\" \/>\r\n\r\n\t\t\t\t\t\t\t\r\n\t\t\t\t\t\t\t\t\t\t\t\t\t<\/div>\r\n\t\t\t\t\t\t\t\t\t\t\t\t<div class=\"sp-slide\">\r\n\t\t\t\t\t\t\t<img decoding=\"async\" class=\"sp-image\" alt=\"04788065-21a1-4c95-86e4-8a2f43ec0ee1\" src=\"https:\/\/schreinerei-strell.de\/wp-content\/plugins\/ultimate-responsive-image-slider\/assets\/css\/images\/blank.gif\" data-src=\"https:\/\/schreinerei-strell.de\/wp-content\/uploads\/2020\/07\/04788065-21a1-4c95-86e4-8a2f43ec0ee1.jpg\" \/>\r\n\r\n\t\t\t\t\t\t\t\r\n\t\t\t\t\t\t\t\t\t\t\t\t\t<\/div>\r\n\t\t\t\t\t\t\t\t\t\t\t\t<div class=\"sp-slide\">\r\n\t\t\t\t\t\t\t<img decoding=\"async\" class=\"sp-image\" alt=\"\" src=\"https:\/\/schreinerei-strell.de\/wp-content\/plugins\/ultimate-responsive-image-slider\/assets\/css\/images\/blank.gif\" data-src=\"https:\/\/schreinerei-strell.de\/wp-content\/uploads\/2019\/03\/20181110_133002_resized-1.jpg\" \/>\r\n\r\n\t\t\t\t\t\t\t\r\n\t\t\t\t\t\t\t\t\t\t\t\t\t<\/div>\r\n\t\t\t\t\t\t\t\t\t<\/div>\r\n\t\t\t\r\n\t\t\t<!---- slides div end ---->\r\n\t\t\t\t\t\t<!-- slides thumbnails div end -->\r\n\t\t<\/div>\r\n[\/et_pb_code][\/et_pb_column][\/et_pb_row][et_pb_row _builder_version=&#8220;4.16&#8243; custom_padding=&#8220;76px|0px|18px|0px|false|false&#8220; global_colors_info=&#8220;{}&#8220;][et_pb_column type=&#8220;4_4&#8243; _builder_version=&#8220;4.16&#8243; custom_padding=&#8220;|||&#8220; global_colors_info=&#8220;{}&#8220; custom_padding__hover=&#8220;|||&#8220;][et_pb_text _builder_version=&#8220;4.16&#8243; text_font=&#8220;Poppins|300|||||||&#8220; text_font_size=&#8220;18px&#8220; header_font=&#8220;Josefin Sans|700|||||||&#8220; header_text_align=&#8220;center&#8220; header_font_size=&#8220;35px&#8220; global_colors_info=&#8220;{}&#8220;]<\/p>\n<h1>Das sind Wir<\/h1>\n<p style=\"text-align: center;\"><span>Unser Team\u00a0 besteht aus 4 Mitarbeitern, Zusammen entwickeln wir jedes unserer Produkte mit h\u00f6chster Leidenschaft und Liebe zum Detail, denn das wichtigste f\u00fcr uns ist dass der Kunde gl\u00fccklich ist. Von der Planung bis zum Fertigen Produkt durchl\u00e4uft das Holz viele Schritte, deshalb gibt jeder sein bestes, um am Ende Ihre W\u00fcnsche in Perfektion umzusetzen.<\/span><\/p>\n<p>[\/et_pb_text][\/et_pb_column][\/et_pb_row][et_pb_row _builder_version=&#8220;4.16&#8243; global_colors_info=&#8220;{}&#8220;][et_pb_column type=&#8220;4_4&#8243; _builder_version=&#8220;4.16&#8243; custom_padding=&#8220;|||&#8220; global_colors_info=&#8220;{}&#8220; custom_padding__hover=&#8220;|||&#8220;][et_pb_image src=&#8220;https:\/\/schreinerei-strell.de\/wp-content\/uploads\/2023\/03\/Schreinerei-Strell-Gruppenfoto.jpg&#8220; align_tablet=&#8220;center&#8220; align_phone=&#8220;&#8220; align_last_edited=&#8220;on|desktop&#8220; _builder_version=&#8220;4.20.0&#8243; hover_enabled=&#8220;0&#8243; global_colors_info=&#8220;{}&#8220; title_text=&#8220;Schreinerei Strell Gruppenfoto&#8220; align=&#8220;center&#8220; sticky_enabled=&#8220;0&#8243;][\/et_pb_image][\/et_pb_column][\/et_pb_row][\/et_pb_section][et_pb_section fb_built=&#8220;1&#8243; admin_label=&#8220;Footer&#8220; _builder_version=&#8220;4.16&#8243; custom_padding=&#8220;60px|0px|54px|0px|false|false&#8220; global_colors_info=&#8220;{}&#8220;][et_pb_row column_structure=&#8220;1_3,1_3,1_3&#8243; _builder_version=&#8220;4.16&#8243; custom_padding=&#8220;|||&#8220; global_colors_info=&#8220;{}&#8220;][et_pb_column type=&#8220;1_3&#8243; _builder_version=&#8220;4.16&#8243; custom_padding=&#8220;|||&#8220; global_colors_info=&#8220;{}&#8220; custom_padding__hover=&#8220;|||&#8220;][et_pb_blurb title=&#8220;Standort&#8220; use_icon=&#8220;on&#8220; font_icon=&#8220;&#xe074;||divi||400&#8243; icon_color=&#8220;#828282&#8243; image_icon_width=&#8220;32px&#8220; _builder_version=&#8220;4.16&#8243; header_font=&#8220;Josefin Sans|700||on|||||&#8220; header_text_align=&#8220;center&#8220; header_line_height=&#8220;1.7em&#8220; body_font=&#8220;Open Sans||||||||&#8220; body_text_align=&#8220;center&#8220; body_font_size=&#8220;18px&#8220; body_line_height=&#8220;0.7em&#8220; icon_font_size=&#8220;32px&#8220; global_colors_info=&#8220;{}&#8220;]<\/p>\n<p>Untersur 6<\/p>\n<p>83123 Amerang<\/p>\n<p>[\/et_pb_blurb][\/et_pb_column][et_pb_column type=&#8220;1_3&#8243; _builder_version=&#8220;4.16&#8243; custom_padding=&#8220;|||&#8220; global_colors_info=&#8220;{}&#8220; custom_padding__hover=&#8220;|||&#8220;][et_pb_blurb title=&#8220;Telefon&#8220; use_icon=&#8220;on&#8220; font_icon=&#8220;&#xe090;||divi||400&#8243; icon_color=&#8220;#828282&#8243; image_icon_width=&#8220;32px&#8220; _builder_version=&#8220;4.16&#8243; header_font=&#8220;Josefin Sans|700||on|||||&#8220; header_text_align=&#8220;center&#8220; header_line_height=&#8220;1.7em&#8220; body_font=&#8220;Open Sans||||||||&#8220; body_text_align=&#8220;center&#8220; body_font_size=&#8220;18px&#8220; body_line_height=&#8220;0.7em&#8220; animation_style=&#8220;fold&#8220; animation_direction=&#8220;left&#8220; animation_delay=&#8220;200ms&#8220; animation_intensity_fold=&#8220;20%&#8220; icon_font_size=&#8220;32px&#8220; global_colors_info=&#8220;{}&#8220;]<\/p>\n<p>Tele.: 08075 913344<\/p>\n<p>Mobil: 0175 9504774<\/p>\n<p>[\/et_pb_blurb][\/et_pb_column][et_pb_column type=&#8220;1_3&#8243; _builder_version=&#8220;4.16&#8243; custom_padding=&#8220;|||&#8220; global_colors_info=&#8220;{}&#8220; custom_padding__hover=&#8220;|||&#8220;][et_pb_blurb title=&#8220;E-Mail&#8220; use_icon=&#8220;on&#8220; font_icon=&#8220;&#xe076;||divi||400&#8243; icon_color=&#8220;#828282&#8243; image_icon_width=&#8220;32px&#8220; _builder_version=&#8220;4.16&#8243; header_font=&#8220;Josefin Sans|700||on|||||&#8220; header_text_align=&#8220;center&#8220; header_line_height=&#8220;1.7em&#8220; body_font=&#8220;Open Sans||||||||&#8220; body_text_align=&#8220;center&#8220; body_font_size=&#8220;18px&#8220; body_line_height=&#8220;0.7em&#8220; animation_style=&#8220;fold&#8220; animation_direction=&#8220;left&#8220; animation_delay=&#8220;200ms&#8220; animation_intensity_fold=&#8220;20%&#8220; icon_font_size=&#8220;32px&#8220; global_colors_info=&#8220;{}&#8220;]<\/p>\n<p>werner.strell@freenet.de<\/p>\n<p>[\/et_pb_blurb][\/et_pb_column][\/et_pb_row][\/et_pb_section]<\/p>\n","protected":false},"excerpt":{"rendered":"<p>[et_pb_section fb_built=&#8220;1&#8243; next_background_color=&#8220;#ffffff&#8220; admin_label=&#8220;Hero&#8220; _builder_version=&#8220;4.16&#8243; use_background_color_gradient=&#8220;on&#8220; background_color_gradient_direction=&#8220;78deg&#8220; background_color_gradient_stops=&#8220;rgba(196,196,196,0.51) 0%|rgba(252,210,194,0) 100%&#8220; background_color_gradient_overlays_image=&#8220;on&#8220; background_color_gradient_start=&#8220;rgba(196,196,196,0.51)&#8220; background_color_gradient_end=&#8220;rgba(252,210,194,0)&#8220; background_image=&#8220;https:\/\/schreinerei-strell.de\/wp-content\/uploads\/2020\/07\/385c99ef-aa6a-4af0-bd6d-6971863e7f50.jpg&#8220; custom_margin=&#8220;|||&#8220; custom_padding=&#8220;6vw||416px||false|false&#8220; bottom_divider_style=&#8220;mountains2&#8243; bottom_divider_repeat=&#8220;0.5x&#8220; bottom_divider_flip=&#8220;horizontal|vertical&#8220; global_colors_info=&#8220;{}&#8220;][et_pb_row _builder_version=&#8220;4.16&#8243; custom_margin=&#8220;|||&#8220; custom_padding=&#8220;27px|0px|0|0px|false|false&#8220; global_colors_info=&#8220;{}&#8220;][et_pb_column type=&#8220;4_4&#8243; _builder_version=&#8220;4.16&#8243; custom_padding=&#8220;|||&#8220; global_colors_info=&#8220;{}&#8220; custom_padding__hover=&#8220;|||&#8220;][et_pb_text _builder_version=&#8220;4.16&#8243; text_font=&#8220;||||||||&#8220; header_font=&#8220;Josefin Sans|700|||||||&#8220; header_font_size=&#8220;90px&#8220; header_line_height=&#8220;1.4em&#8220; header_2_font=&#8220;Josefin Sans||||||||&#8220; header_2_text_color=&#8220;rgba(255,255,255,0.6)&#8220; header_2_font_size=&#8220;32px&#8220; header_2_line_height=&#8220;1.4em&#8220; background_layout=&#8220;dark&#8220; animation_style=&#8220;slide&#8220; animation_direction=&#8220;right&#8220; animation_intensity_slide=&#8220;4%&#8220; header_font_size_tablet=&#8220;50px&#8220; header_font_size_phone=&#8220;32px&#8220; header_font_size_last_edited=&#8220;on|desktop&#8220; header_2_font_size_tablet=&#8220;&#8220; header_2_font_size_phone=&#8220;24px&#8220; header_2_font_size_last_edited=&#8220;on|phone&#8220; text_orientation_tablet=&#8220;center&#8220; text_orientation_phone=&#8220;&#8220; text_orientation_last_edited=&#8220;on|desktop&#8220; global_colors_info=&#8220;{}&#8220;] UNSER [&hellip;]<\/p>\n","protected":false},"author":1,"featured_media":0,"parent":0,"menu_order":0,"comment_status":"closed","ping_status":"closed","template":"","meta":{"_et_pb_use_builder":"on","_et_pb_old_content":"","_et_gb_content_width":""},"yoast_head":"<!-- This site is optimized with the Yoast SEO plugin v21.1 - https:\/\/yoast.com\/wordpress\/plugins\/seo\/ -->\n<title>Schreinerei Strell Amerang - &quot;Dahoam is Dahoam&quot; - Der Betrieb<\/title>\n<meta name=\"description\" content=\"Seit 2001 meisterliche Handarbeit im Herzen Amerangs. Mit modernsten Maschinen und einer 3D Planung erleichtern wir Ihnen die Entscheidungsfindung\" \/>\n<meta name=\"robots\" content=\"index, follow, max-snippet:-1, max-image-preview:large, max-video-preview:-1\" \/>\n<link rel=\"canonical\" href=\"https:\/\/schreinerei-strell.de\/?page_id=1788\" \/>\n<meta property=\"og:locale\" content=\"de_DE\" \/>\n<meta property=\"og:type\" content=\"article\" \/>\n<meta property=\"og:title\" content=\"Schreinerei Strell Amerang - &quot;Dahoam is Dahoam&quot; - Der Betrieb\" \/>\n<meta property=\"og:description\" content=\"Seit 2001 meisterliche Handarbeit im Herzen Amerangs. Mit modernsten Maschinen und einer 3D Planung erleichtern wir Ihnen die Entscheidungsfindung\" \/>\n<meta property=\"og:url\" content=\"https:\/\/schreinerei-strell.de\/?page_id=1788\" \/>\n<meta property=\"og:site_name\" content=\"Schreinerei Strell\" \/>\n<meta property=\"article:modified_time\" content=\"2023-03-14T11:52:52+00:00\" \/>\n<meta name=\"twitter:card\" content=\"summary_large_image\" \/>\n<meta name=\"twitter:label1\" content=\"Gesch\u00e4tzte Lesezeit\" \/>\n\t<meta name=\"twitter:data1\" content=\"5\u00a0Minuten\" \/>\n<script type=\"application\/ld+json\" class=\"yoast-schema-graph\">{\"@context\":\"https:\/\/schema.org\",\"@graph\":[{\"@type\":\"WebPage\",\"@id\":\"https:\/\/schreinerei-strell.de\/?page_id=1788\",\"url\":\"https:\/\/schreinerei-strell.de\/?page_id=1788\",\"name\":\"Schreinerei Strell Amerang - \\\"Dahoam is Dahoam\\\" - Der Betrieb\",\"isPartOf\":{\"@id\":\"https:\/\/schreinerei-strell.de\/#website\"},\"datePublished\":\"2019-01-21T07:02:22+00:00\",\"dateModified\":\"2023-03-14T11:52:52+00:00\",\"description\":\"Seit 2001 meisterliche Handarbeit im Herzen Amerangs. Mit modernsten Maschinen und einer 3D Planung erleichtern wir Ihnen die Entscheidungsfindung\",\"breadcrumb\":{\"@id\":\"https:\/\/schreinerei-strell.de\/?page_id=1788#breadcrumb\"},\"inLanguage\":\"de\",\"potentialAction\":[{\"@type\":\"ReadAction\",\"target\":[\"https:\/\/schreinerei-strell.de\/?page_id=1788\"]}]},{\"@type\":\"BreadcrumbList\",\"@id\":\"https:\/\/schreinerei-strell.de\/?page_id=1788#breadcrumb\",\"itemListElement\":[{\"@type\":\"ListItem\",\"position\":1,\"name\":\"Home\",\"item\":\"https:\/\/schreinerei-strell.de\/\"},{\"@type\":\"ListItem\",\"position\":2,\"name\":\"Unser Betrieb\"}]},{\"@type\":\"WebSite\",\"@id\":\"https:\/\/schreinerei-strell.de\/#website\",\"url\":\"https:\/\/schreinerei-strell.de\/\",\"name\":\"Schreinerei Strell\",\"description\":\"Schreinerei Strell - Amerang\",\"publisher\":{\"@id\":\"https:\/\/schreinerei-strell.de\/#organization\"},\"potentialAction\":[{\"@type\":\"SearchAction\",\"target\":{\"@type\":\"EntryPoint\",\"urlTemplate\":\"https:\/\/schreinerei-strell.de\/?s={search_term_string}\"},\"query-input\":\"required name=search_term_string\"}],\"inLanguage\":\"de\"},{\"@type\":\"Organization\",\"@id\":\"https:\/\/schreinerei-strell.de\/#organization\",\"name\":\"Schreinerei Strell Amerang\",\"url\":\"https:\/\/schreinerei-strell.de\/\",\"logo\":{\"@type\":\"ImageObject\",\"inLanguage\":\"de\",\"@id\":\"https:\/\/schreinerei-strell.de\/#\/schema\/logo\/image\/\",\"url\":\"https:\/\/schreinerei-strell.de\/wp-content\/uploads\/2019\/01\/WhatsApp-Image-2018-12-12-at-3.49.05-PM.png\",\"contentUrl\":\"https:\/\/schreinerei-strell.de\/wp-content\/uploads\/2019\/01\/WhatsApp-Image-2018-12-12-at-3.49.05-PM.png\",\"width\":768,\"height\":768,\"caption\":\"Schreinerei Strell Amerang\"},\"image\":{\"@id\":\"https:\/\/schreinerei-strell.de\/#\/schema\/logo\/image\/\"}}]}<\/script>\n<!-- \/ Yoast SEO plugin. -->","yoast_head_json":{"title":"Schreinerei Strell Amerang - \"Dahoam is Dahoam\" - Der Betrieb","description":"Seit 2001 meisterliche Handarbeit im Herzen Amerangs. Mit modernsten Maschinen und einer 3D Planung erleichtern wir Ihnen die Entscheidungsfindung","robots":{"index":"index","follow":"follow","max-snippet":"max-snippet:-1","max-image-preview":"max-image-preview:large","max-video-preview":"max-video-preview:-1"},"canonical":"https:\/\/schreinerei-strell.de\/?page_id=1788","og_locale":"de_DE","og_type":"article","og_title":"Schreinerei Strell Amerang - \"Dahoam is Dahoam\" - Der Betrieb","og_description":"Seit 2001 meisterliche Handarbeit im Herzen Amerangs. Mit modernsten Maschinen und einer 3D Planung erleichtern wir Ihnen die Entscheidungsfindung","og_url":"https:\/\/schreinerei-strell.de\/?page_id=1788","og_site_name":"Schreinerei Strell","article_modified_time":"2023-03-14T11:52:52+00:00","twitter_card":"summary_large_image","twitter_misc":{"Gesch\u00e4tzte Lesezeit":"5\u00a0Minuten"},"schema":{"@context":"https:\/\/schema.org","@graph":[{"@type":"WebPage","@id":"https:\/\/schreinerei-strell.de\/?page_id=1788","url":"https:\/\/schreinerei-strell.de\/?page_id=1788","name":"Schreinerei Strell Amerang - \"Dahoam is Dahoam\" - Der Betrieb","isPartOf":{"@id":"https:\/\/schreinerei-strell.de\/#website"},"datePublished":"2019-01-21T07:02:22+00:00","dateModified":"2023-03-14T11:52:52+00:00","description":"Seit 2001 meisterliche Handarbeit im Herzen Amerangs. Mit modernsten Maschinen und einer 3D Planung erleichtern wir Ihnen die Entscheidungsfindung","breadcrumb":{"@id":"https:\/\/schreinerei-strell.de\/?page_id=1788#breadcrumb"},"inLanguage":"de","potentialAction":[{"@type":"ReadAction","target":["https:\/\/schreinerei-strell.de\/?page_id=1788"]}]},{"@type":"BreadcrumbList","@id":"https:\/\/schreinerei-strell.de\/?page_id=1788#breadcrumb","itemListElement":[{"@type":"ListItem","position":1,"name":"Home","item":"https:\/\/schreinerei-strell.de\/"},{"@type":"ListItem","position":2,"name":"Unser Betrieb"}]},{"@type":"WebSite","@id":"https:\/\/schreinerei-strell.de\/#website","url":"https:\/\/schreinerei-strell.de\/","name":"Schreinerei Strell","description":"Schreinerei Strell - Amerang","publisher":{"@id":"https:\/\/schreinerei-strell.de\/#organization"},"potentialAction":[{"@type":"SearchAction","target":{"@type":"EntryPoint","urlTemplate":"https:\/\/schreinerei-strell.de\/?s={search_term_string}"},"query-input":"required name=search_term_string"}],"inLanguage":"de"},{"@type":"Organization","@id":"https:\/\/schreinerei-strell.de\/#organization","name":"Schreinerei Strell Amerang","url":"https:\/\/schreinerei-strell.de\/","logo":{"@type":"ImageObject","inLanguage":"de","@id":"https:\/\/schreinerei-strell.de\/#\/schema\/logo\/image\/","url":"https:\/\/schreinerei-strell.de\/wp-content\/uploads\/2019\/01\/WhatsApp-Image-2018-12-12-at-3.49.05-PM.png","contentUrl":"https:\/\/schreinerei-strell.de\/wp-content\/uploads\/2019\/01\/WhatsApp-Image-2018-12-12-at-3.49.05-PM.png","width":768,"height":768,"caption":"Schreinerei Strell Amerang"},"image":{"@id":"https:\/\/schreinerei-strell.de\/#\/schema\/logo\/image\/"}}]}},"_links":{"self":[{"href":"https:\/\/schreinerei-strell.de\/index.php?rest_route=\/wp\/v2\/pages\/1788"}],"collection":[{"href":"https:\/\/schreinerei-strell.de\/index.php?rest_route=\/wp\/v2\/pages"}],"about":[{"href":"https:\/\/schreinerei-strell.de\/index.php?rest_route=\/wp\/v2\/types\/page"}],"author":[{"embeddable":true,"href":"https:\/\/schreinerei-strell.de\/index.php?rest_route=\/wp\/v2\/users\/1"}],"replies":[{"embeddable":true,"href":"https:\/\/schreinerei-strell.de\/index.php?rest_route=%2Fwp%2Fv2%2Fcomments&post=1788"}],"version-history":[{"count":1,"href":"https:\/\/schreinerei-strell.de\/index.php?rest_route=\/wp\/v2\/pages\/1788\/revisions"}],"predecessor-version":[{"id":2909,"href":"https:\/\/schreinerei-strell.de\/index.php?rest_route=\/wp\/v2\/pages\/1788\/revisions\/2909"}],"wp:attachment":[{"href":"https:\/\/schreinerei-strell.de\/index.php?rest_route=%2Fwp%2Fv2%2Fmedia&parent=1788"}],"curies":[{"name":"wp","href":"https:\/\/api.w.org\/{rel}","templated":true}]}}