{"id":1745,"date":"2019-01-19T05:42:37","date_gmt":"2019-01-19T05:42:37","guid":{"rendered":"http:\/\/schreinerei-strell.de\/?page_id=1745"},"modified":"2023-03-03T17:40:29","modified_gmt":"2023-03-03T17:40:29","slug":"moebel","status":"publish","type":"page","link":"https:\/\/schreinerei-strell.de\/?page_id=1745","title":{"rendered":"M\u00f6bel"},"content":{"rendered":"<p>[et_pb_section fb_built=&#8220;1&#8243; next_background_color=&#8220;#ffffff&#8220; admin_label=&#8220;Hero&#8220; _builder_version=&#8220;4.20.0&#8243; use_background_color_gradient=&#8220;on&#8220; background_color_gradient_direction=&#8220;78deg&#8220; background_color_gradient_stops=&#8220;rgba(142,142,142,0.72) 0%|rgba(252,210,194,0) 100%&#8220; background_color_gradient_overlays_image=&#8220;on&#8220; background_color_gradient_start=&#8220;rgba(142,142,142,0.72)&#8220; background_color_gradient_end=&#8220;rgba(252,210,194,0)&#8220; background_image=&#8220;https:\/\/schreinerei-strell.de\/wp-content\/uploads\/2023\/03\/Moebel.jpg&#8220; background_position=&#8220;top_center&#8220; custom_margin=&#8220;|||&#8220; custom_padding=&#8220;6vw||210px||false|false&#8220; bottom_divider_style=&#8220;mountains2&#8243; bottom_divider_repeat=&#8220;0.5x&#8220; bottom_divider_flip=&#8220;horizontal|vertical&#8220; hover_enabled=&#8220;0&#8243; global_colors_info=&#8220;{}&#8220; title_text=&#8220;M\u00f6bel&#8220; sticky_enabled=&#8220;0&#8243;][et_pb_row column_structure=&#8220;1_2,1_2&#8243; _builder_version=&#8220;4.16&#8243; custom_margin=&#8220;|||&#8220; custom_padding=&#8220;27px|0px|0|0px|false|false&#8220; global_colors_info=&#8220;{}&#8220;][et_pb_column type=&#8220;1_2&#8243; _builder_version=&#8220;4.16&#8243; custom_padding=&#8220;|||&#8220; global_colors_info=&#8220;{}&#8220; custom_padding__hover=&#8220;|||&#8220;][et_pb_text _builder_version=&#8220;4.16&#8243; text_font=&#8220;||||||||&#8220; header_font=&#8220;Josefin Sans|700|||||||&#8220; header_font_size=&#8220;90px&#8220; header_line_height=&#8220;1.4em&#8220; header_2_font=&#8220;Josefin Sans||||||||&#8220; header_2_text_color=&#8220;rgba(255,255,255,0.6)&#8220; header_2_font_size=&#8220;32px&#8220; header_2_line_height=&#8220;1.4em&#8220; background_layout=&#8220;dark&#8220; animation_style=&#8220;slide&#8220; animation_direction=&#8220;right&#8220; animation_intensity_slide=&#8220;4%&#8220; header_font_size_tablet=&#8220;50px&#8220; header_font_size_phone=&#8220;32px&#8220; header_font_size_last_edited=&#8220;on|desktop&#8220; header_2_font_size_tablet=&#8220;&#8220; header_2_font_size_phone=&#8220;24px&#8220; header_2_font_size_last_edited=&#8220;on|phone&#8220; global_colors_info=&#8220;{}&#8220;]<\/p>\n<h1>M\u00d6BEL<\/h1>\n<p>[\/et_pb_text][\/et_pb_column][et_pb_column type=&#8220;1_2&#8243; _builder_version=&#8220;4.16&#8243; custom_padding=&#8220;|||&#8220; global_colors_info=&#8220;{}&#8220; custom_padding__hover=&#8220;|||&#8220;][et_pb_blurb title=&#8220;%22Mein kleiner Zeh<br \/>\n hilft mir im Dunklen<br \/>\nM\u00f6bel  zu finden<br \/>\n%22&#8243; use_icon=&#8220;on&#8220; font_icon=&#8220;&#x7c;||divi||400&#8243; icon_color=&#8220;#ffffff&#8220; image_icon_width=&#8220;50px&#8220; disabled_on=&#8220;on|off|off&#8220; _builder_version=&#8220;4.16&#8243; header_font=&#8220;Josefin Sans|600|||||||&#8220; header_text_color=&#8220;#ffffff&#8220; header_font_size=&#8220;22px&#8220; text_orientation=&#8220;center&#8220; max_width=&#8220;77%&#8220; module_alignment=&#8220;right&#8220; custom_padding=&#8220;2%||&#8220; animation_style=&#8220;fade&#8220; animation_duration=&#8220;1150ms&#8220; animation_starting_opacity=&#8220;25%&#8220; icon_font_size=&#8220;50px&#8220; global_colors_info=&#8220;{}&#8220;][\/et_pb_blurb][\/et_pb_column][\/et_pb_row][\/et_pb_section][et_pb_section fb_built=&#8220;1&#8243; _builder_version=&#8220;4.16&#8243; max_width=&#8220;70%&#8220; max_width_tablet=&#8220;&#8220; max_width_phone=&#8220;90%&#8220; max_width_last_edited=&#8220;on|phone&#8220; module_alignment=&#8220;center&#8220; custom_margin=&#8220;2%||&#8220; custom_padding=&#8220;27px|0px|1px|0px|false|false&#8220; box_shadow_style=&#8220;preset1&#8243; box_shadow_vertical=&#8220;13px&#8220; global_colors_info=&#8220;{}&#8220;][et_pb_row _builder_version=&#8220;4.16&#8243; custom_padding=&#8220;27px|0px|18px|0px|false|false&#8220; global_colors_info=&#8220;{}&#8220;][et_pb_column type=&#8220;4_4&#8243; _builder_version=&#8220;4.16&#8243; custom_padding=&#8220;|||&#8220; global_colors_info=&#8220;{}&#8220; custom_padding__hover=&#8220;|||&#8220;][et_pb_text _builder_version=&#8220;4.16&#8243; text_font=&#8220;Poppins|300|||||||&#8220; text_font_size=&#8220;18px&#8220; header_font=&#8220;Josefin Sans|700|||||||&#8220; header_text_align=&#8220;center&#8220; header_font_size=&#8220;35px&#8220; global_colors_info=&#8220;{}&#8220;]<\/p>\n<h1><strong>Jedes St\u00fcck ein Unikat<\/strong><\/h1>\n<p style=\"text-align: center;\">Nach ihren W\u00fcnschen angefertigte M\u00f6bel machen ihr Zuhause noch ein St\u00fcck einzigartiger. Sie k\u00f6nnen ihre Vorstellungen und W\u00fcnsche von uns verwirklichen lassen und erhalten handgefertigte M\u00f6belst\u00fccke von h\u00f6chster Qualit\u00e4t. Ziel ist es ihr Zuhause ein St\u00fcck sch\u00f6ner zu machen &#8211; unsere M\u00f6bel heben ihr Wohnerlebnis auf eine neue Stufe.<\/p>\n<p>[\/et_pb_text][\/et_pb_column][\/et_pb_row][\/et_pb_section][et_pb_section fb_built=&#8220;1&#8243; _builder_version=&#8220;4.16&#8243; max_width=&#8220;70%&#8220; max_width_tablet=&#8220;&#8220; max_width_phone=&#8220;90%&#8220; max_width_last_edited=&#8220;on|phone&#8220; module_alignment=&#8220;center&#8220; custom_padding=&#8220;0|0px|0|0px|false|false&#8220; box_shadow_style=&#8220;preset1&#8243; box_shadow_vertical=&#8220;12px&#8220; global_colors_info=&#8220;{}&#8220;][et_pb_row _builder_version=&#8220;4.16&#8243; custom_margin=&#8220;||&#8220; custom_padding=&#8220;83px||55px||false|false&#8220; global_colors_info=&#8220;{}&#8220;][et_pb_column type=&#8220;4_4&#8243; _builder_version=&#8220;4.16&#8243; custom_padding=&#8220;||2%|&#8220; custom_css_main_element=&#8220;-webkit-box-shadow: 0 19px 38px rgba(0,0,0,0.15), 0 15px 12px rgba(0,0,0,0.10);||-moz-box-shadow: 0 19px 38px rgba(0,0,0,0.15), 0 15px 12px rgba(0,0,0,0.10);||box-shadow: 0 19px 38px rgba(0,0,0,0.15), 0 15px 12px rgba(0,0,0,0.10);||border-radius: 6px;||&#8220; global_colors_info=&#8220;{}&#8220; custom_padding__hover=&#8220;|||&#8220;][et_pb_blurb title=&#8220;REFERENZEN&#8220; use_icon=&#8220;on&#8220; font_icon=&#8220;&#xe006;||divi||400&#8243; icon_color=&#8220;#7f7f7f&#8220; image_icon_width=&#8220;50px&#8220; module_id=&#8220;center&#8220; module_class=&#8220;hvr-shrinkle&#8220; _builder_version=&#8220;4.16&#8243; header_font=&#8220;Josefin Sans|600|||||||&#8220; header_font_size=&#8220;22px&#8220; text_orientation=&#8220;center&#8220; custom_padding=&#8220;2%||&#8220; border_color_all=&#8220;#7f7f7f&#8220; border_width_top=&#8220;4px&#8220; icon_font_size=&#8220;50px&#8220; global_colors_info=&#8220;{}&#8220;][\/et_pb_blurb][\/et_pb_column][\/et_pb_row][et_pb_row use_custom_gutter=&#8220;on&#8220; gutter_width=&#8220;1&#8243; module_class=&#8220; et_pb_row_fullwidth&#8220; _builder_version=&#8220;4.16&#8243; width=&#8220;100%&#8220; width_tablet=&#8220;100%&#8220; width_phone=&#8220;&#8220; width_last_edited=&#8220;on|desktop&#8220; max_width=&#8220;100%&#8220; max_width_tablet=&#8220;100%&#8220; max_width_phone=&#8220;&#8220; max_width_last_edited=&#8220;on|desktop&#8220; custom_padding=&#8220;27px|0px|0|0px|false|false&#8220; make_fullwidth=&#8220;on&#8220; global_colors_info=&#8220;{}&#8220;][et_pb_column type=&#8220;4_4&#8243; _builder_version=&#8220;4.16&#8243; custom_padding=&#8220;|||&#8220; global_colors_info=&#8220;{}&#8220; custom_padding__hover=&#8220;|||&#8220;][et_pb_gallery gallery_ids=&#8220;2815,2816,2817,2818,2753,2821,2718,2723,2724,2820,2725,1945,2209,1955,2365,2366,2367,2368,2369,2370,2371,2612&#8243; posts_number=&#8220;20&#8243; show_title_and_caption=&#8220;off&#8220; show_pagination=&#8220;off&#8220; zoom_icon_color=&#8220;#636363&#8243; hover_overlay_color=&#8220;rgba(255,255,255,0.54)&#8220; hover_icon=&#8220;&#x30;||divi||400&#8243; _builder_version=&#8220;4.20.0&#8243; custom_css_gallery_item=&#8220;padding: 3px;||&#8220; global_colors_info=&#8220;{}&#8220;][\/et_pb_gallery][\/et_pb_column][\/et_pb_row][\/et_pb_section][et_pb_section fb_built=&#8220;1&#8243; admin_label=&#8220;Footer&#8220; _builder_version=&#8220;3.3.1&#8243; custom_padding=&#8220;54px|0px|54px|0px|false|false&#8220; global_module=&#8220;2111&#8243; saved_tabs=&#8220;all&#8220; global_colors_info=&#8220;{}&#8220;][et_pb_row _builder_version=&#8220;4.16&#8243; custom_padding=&#8220;|||&#8220; global_colors_info=&#8220;{}&#8220; column_structure=&#8220;1_3,1_3,1_3&#8243;][et_pb_column type=&#8220;1_3&#8243; _builder_version=&#8220;4.16&#8243; custom_padding=&#8220;|||&#8220; global_colors_info=&#8220;{}&#8220; custom_padding__hover=&#8220;|||&#8220;][et_pb_blurb title=&#8220;Telefon&#8220; use_icon=&#8220;on&#8220; font_icon=&#8220;&#xe090;||divi||400&#8243; icon_color=&#8220;#828282&#8243; image_icon_width=&#8220;32px&#8220; _builder_version=&#8220;4.16&#8243; header_font=&#8220;Josefin Sans|700||on|||||&#8220; header_text_align=&#8220;center&#8220; header_line_height=&#8220;1.7em&#8220; body_font=&#8220;Open Sans||||||||&#8220; body_text_align=&#8220;center&#8220; body_font_size=&#8220;18px&#8220; body_line_height=&#8220;0.7em&#8220; animation_style=&#8220;fold&#8220; animation_direction=&#8220;left&#8220; animation_delay=&#8220;200ms&#8220; animation_intensity_fold=&#8220;20%&#8220; icon_font_size=&#8220;32px&#8220; global_colors_info=&#8220;{}&#8220;]<\/p>\n<p>Tele.: 08075 913344<\/p>\n<p>Mobil: 0175 9504774<\/p>\n<p>[\/et_pb_blurb][\/et_pb_column][et_pb_column type=&#8220;1_3&#8243; _builder_version=&#8220;4.16&#8243; custom_padding=&#8220;|||&#8220; global_colors_info=&#8220;{}&#8220; custom_padding__hover=&#8220;|||&#8220;][et_pb_blurb title=&#8220;Standort&#8220; use_icon=&#8220;on&#8220; font_icon=&#8220;&#xe074;||divi||400&#8243; icon_color=&#8220;#828282&#8243; image_icon_width=&#8220;32px&#8220; _builder_version=&#8220;4.16&#8243; header_font=&#8220;Josefin Sans|700||on|||||&#8220; header_text_align=&#8220;center&#8220; header_line_height=&#8220;1.7em&#8220; body_font=&#8220;Open Sans||||||||&#8220; body_text_align=&#8220;center&#8220; body_font_size=&#8220;18px&#8220; body_line_height=&#8220;0.7em&#8220; icon_font_size=&#8220;32px&#8220; global_colors_info=&#8220;{}&#8220;]<\/p>\n<p>Untersur 6<\/p>\n<p>83123 Amerang<\/p>\n<p>[\/et_pb_blurb][\/et_pb_column][et_pb_column type=&#8220;1_3&#8243; _builder_version=&#8220;4.16&#8243; custom_padding=&#8220;|||&#8220; global_colors_info=&#8220;{}&#8220; custom_padding__hover=&#8220;|||&#8220;][et_pb_blurb title=&#8220;E-Mail&#8220; use_icon=&#8220;on&#8220; font_icon=&#8220;&#xe076;||divi||400&#8243; icon_color=&#8220;#828282&#8243; image_icon_width=&#8220;32px&#8220; _builder_version=&#8220;4.16&#8243; header_font=&#8220;Josefin Sans|700||on|||||&#8220; header_text_align=&#8220;center&#8220; header_line_height=&#8220;1.7em&#8220; body_font=&#8220;Open Sans||||||||&#8220; body_text_align=&#8220;center&#8220; body_font_size=&#8220;18px&#8220; body_line_height=&#8220;0.7em&#8220; animation_style=&#8220;fold&#8220; animation_direction=&#8220;left&#8220; animation_delay=&#8220;200ms&#8220; animation_intensity_fold=&#8220;20%&#8220; icon_font_size=&#8220;32px&#8220; global_colors_info=&#8220;{}&#8220;]<\/p>\n<p>werner.strell@freenet.de<\/p>\n<p>[\/et_pb_blurb][\/et_pb_column][\/et_pb_row][\/et_pb_section]<\/p>\n","protected":false},"excerpt":{"rendered":"<p>M\u00d6BELJedes St\u00fcck ein Unikat Nach ihren W\u00fcnschen angefertigte M\u00f6bel machen ihr Zuhause noch ein St\u00fcck einzigartiger. Sie k\u00f6nnen ihre Vorstellungen und W\u00fcnsche von uns verwirklichen lassen und erhalten handgefertigte M\u00f6belst\u00fccke von h\u00f6chster Qualit\u00e4t. Ziel ist es ihr Zuhause ein St\u00fcck sch\u00f6ner zu machen &#8211; unsere M\u00f6bel heben ihr Wohnerlebnis auf eine neue Stufe.Tele.: 08075 913344 [&hellip;]<\/p>\n","protected":false},"author":1,"featured_media":0,"parent":0,"menu_order":0,"comment_status":"closed","ping_status":"closed","template":"","meta":{"_et_pb_use_builder":"on","_et_pb_old_content":"","_et_gb_content_width":""},"yoast_head":"<!-- This site is optimized with the Yoast SEO plugin v21.1 - https:\/\/yoast.com\/wordpress\/plugins\/seo\/ -->\n<title>Schreinerei Strell Amerang - M\u00f6bel<\/title>\n<meta name=\"description\" content=\"Nach ihren W\u00fcnschen angefertigte M\u00f6bel machen ihr Zuhause noch ein St\u00fcck einzigartiger. Wir bieten Ihnen die M\u00f6glichkeit diese Tr\u00e4ume zu verwirklichen.\" \/>\n<meta name=\"robots\" content=\"index, follow, max-snippet:-1, max-image-preview:large, max-video-preview:-1\" \/>\n<link rel=\"canonical\" href=\"https:\/\/schreinerei-strell.de\/?page_id=1745\" \/>\n<meta property=\"og:locale\" content=\"de_DE\" \/>\n<meta property=\"og:type\" content=\"article\" \/>\n<meta property=\"og:title\" content=\"Schreinerei Strell Amerang - M\u00f6bel\" \/>\n<meta property=\"og:description\" content=\"Nach ihren W\u00fcnschen angefertigte M\u00f6bel machen ihr Zuhause noch ein St\u00fcck einzigartiger. Wir bieten Ihnen die M\u00f6glichkeit diese Tr\u00e4ume zu verwirklichen.\" \/>\n<meta property=\"og:url\" content=\"https:\/\/schreinerei-strell.de\/?page_id=1745\" \/>\n<meta property=\"og:site_name\" content=\"Schreinerei Strell\" \/>\n<meta property=\"article:modified_time\" content=\"2023-03-03T17:40:29+00:00\" \/>\n<meta name=\"twitter:card\" content=\"summary_large_image\" \/>\n<meta name=\"twitter:label1\" content=\"Gesch\u00e4tzte Lesezeit\" \/>\n\t<meta name=\"twitter:data1\" content=\"5\u00a0Minuten\" \/>\n<script type=\"application\/ld+json\" class=\"yoast-schema-graph\">{\"@context\":\"https:\/\/schema.org\",\"@graph\":[{\"@type\":\"WebPage\",\"@id\":\"https:\/\/schreinerei-strell.de\/?page_id=1745\",\"url\":\"https:\/\/schreinerei-strell.de\/?page_id=1745\",\"name\":\"Schreinerei Strell Amerang - M\u00f6bel\",\"isPartOf\":{\"@id\":\"https:\/\/schreinerei-strell.de\/#website\"},\"datePublished\":\"2019-01-19T05:42:37+00:00\",\"dateModified\":\"2023-03-03T17:40:29+00:00\",\"description\":\"Nach ihren W\u00fcnschen angefertigte M\u00f6bel machen ihr Zuhause noch ein St\u00fcck einzigartiger. Wir bieten Ihnen die M\u00f6glichkeit diese Tr\u00e4ume zu verwirklichen.\",\"breadcrumb\":{\"@id\":\"https:\/\/schreinerei-strell.de\/?page_id=1745#breadcrumb\"},\"inLanguage\":\"de\",\"potentialAction\":[{\"@type\":\"ReadAction\",\"target\":[\"https:\/\/schreinerei-strell.de\/?page_id=1745\"]}]},{\"@type\":\"BreadcrumbList\",\"@id\":\"https:\/\/schreinerei-strell.de\/?page_id=1745#breadcrumb\",\"itemListElement\":[{\"@type\":\"ListItem\",\"position\":1,\"name\":\"Home\",\"item\":\"https:\/\/schreinerei-strell.de\/\"},{\"@type\":\"ListItem\",\"position\":2,\"name\":\"M\u00f6bel\"}]},{\"@type\":\"WebSite\",\"@id\":\"https:\/\/schreinerei-strell.de\/#website\",\"url\":\"https:\/\/schreinerei-strell.de\/\",\"name\":\"Schreinerei Strell\",\"description\":\"Schreinerei Strell - Amerang\",\"publisher\":{\"@id\":\"https:\/\/schreinerei-strell.de\/#organization\"},\"potentialAction\":[{\"@type\":\"SearchAction\",\"target\":{\"@type\":\"EntryPoint\",\"urlTemplate\":\"https:\/\/schreinerei-strell.de\/?s={search_term_string}\"},\"query-input\":\"required name=search_term_string\"}],\"inLanguage\":\"de\"},{\"@type\":\"Organization\",\"@id\":\"https:\/\/schreinerei-strell.de\/#organization\",\"name\":\"Schreinerei Strell Amerang\",\"url\":\"https:\/\/schreinerei-strell.de\/\",\"logo\":{\"@type\":\"ImageObject\",\"inLanguage\":\"de\",\"@id\":\"https:\/\/schreinerei-strell.de\/#\/schema\/logo\/image\/\",\"url\":\"https:\/\/schreinerei-strell.de\/wp-content\/uploads\/2019\/01\/WhatsApp-Image-2018-12-12-at-3.49.05-PM.png\",\"contentUrl\":\"https:\/\/schreinerei-strell.de\/wp-content\/uploads\/2019\/01\/WhatsApp-Image-2018-12-12-at-3.49.05-PM.png\",\"width\":768,\"height\":768,\"caption\":\"Schreinerei Strell Amerang\"},\"image\":{\"@id\":\"https:\/\/schreinerei-strell.de\/#\/schema\/logo\/image\/\"}}]}<\/script>\n<!-- \/ Yoast SEO plugin. -->","yoast_head_json":{"title":"Schreinerei Strell Amerang - M\u00f6bel","description":"Nach ihren W\u00fcnschen angefertigte M\u00f6bel machen ihr Zuhause noch ein St\u00fcck einzigartiger. Wir bieten Ihnen die M\u00f6glichkeit diese Tr\u00e4ume zu verwirklichen.","robots":{"index":"index","follow":"follow","max-snippet":"max-snippet:-1","max-image-preview":"max-image-preview:large","max-video-preview":"max-video-preview:-1"},"canonical":"https:\/\/schreinerei-strell.de\/?page_id=1745","og_locale":"de_DE","og_type":"article","og_title":"Schreinerei Strell Amerang - M\u00f6bel","og_description":"Nach ihren W\u00fcnschen angefertigte M\u00f6bel machen ihr Zuhause noch ein St\u00fcck einzigartiger. Wir bieten Ihnen die M\u00f6glichkeit diese Tr\u00e4ume zu verwirklichen.","og_url":"https:\/\/schreinerei-strell.de\/?page_id=1745","og_site_name":"Schreinerei Strell","article_modified_time":"2023-03-03T17:40:29+00:00","twitter_card":"summary_large_image","twitter_misc":{"Gesch\u00e4tzte Lesezeit":"5\u00a0Minuten"},"schema":{"@context":"https:\/\/schema.org","@graph":[{"@type":"WebPage","@id":"https:\/\/schreinerei-strell.de\/?page_id=1745","url":"https:\/\/schreinerei-strell.de\/?page_id=1745","name":"Schreinerei Strell Amerang - M\u00f6bel","isPartOf":{"@id":"https:\/\/schreinerei-strell.de\/#website"},"datePublished":"2019-01-19T05:42:37+00:00","dateModified":"2023-03-03T17:40:29+00:00","description":"Nach ihren W\u00fcnschen angefertigte M\u00f6bel machen ihr Zuhause noch ein St\u00fcck einzigartiger. Wir bieten Ihnen die M\u00f6glichkeit diese Tr\u00e4ume zu verwirklichen.","breadcrumb":{"@id":"https:\/\/schreinerei-strell.de\/?page_id=1745#breadcrumb"},"inLanguage":"de","potentialAction":[{"@type":"ReadAction","target":["https:\/\/schreinerei-strell.de\/?page_id=1745"]}]},{"@type":"BreadcrumbList","@id":"https:\/\/schreinerei-strell.de\/?page_id=1745#breadcrumb","itemListElement":[{"@type":"ListItem","position":1,"name":"Home","item":"https:\/\/schreinerei-strell.de\/"},{"@type":"ListItem","position":2,"name":"M\u00f6bel"}]},{"@type":"WebSite","@id":"https:\/\/schreinerei-strell.de\/#website","url":"https:\/\/schreinerei-strell.de\/","name":"Schreinerei Strell","description":"Schreinerei Strell - Amerang","publisher":{"@id":"https:\/\/schreinerei-strell.de\/#organization"},"potentialAction":[{"@type":"SearchAction","target":{"@type":"EntryPoint","urlTemplate":"https:\/\/schreinerei-strell.de\/?s={search_term_string}"},"query-input":"required name=search_term_string"}],"inLanguage":"de"},{"@type":"Organization","@id":"https:\/\/schreinerei-strell.de\/#organization","name":"Schreinerei Strell Amerang","url":"https:\/\/schreinerei-strell.de\/","logo":{"@type":"ImageObject","inLanguage":"de","@id":"https:\/\/schreinerei-strell.de\/#\/schema\/logo\/image\/","url":"https:\/\/schreinerei-strell.de\/wp-content\/uploads\/2019\/01\/WhatsApp-Image-2018-12-12-at-3.49.05-PM.png","contentUrl":"https:\/\/schreinerei-strell.de\/wp-content\/uploads\/2019\/01\/WhatsApp-Image-2018-12-12-at-3.49.05-PM.png","width":768,"height":768,"caption":"Schreinerei Strell Amerang"},"image":{"@id":"https:\/\/schreinerei-strell.de\/#\/schema\/logo\/image\/"}}]}},"_links":{"self":[{"href":"https:\/\/schreinerei-strell.de\/index.php?rest_route=\/wp\/v2\/pages\/1745"}],"collection":[{"href":"https:\/\/schreinerei-strell.de\/index.php?rest_route=\/wp\/v2\/pages"}],"about":[{"href":"https:\/\/schreinerei-strell.de\/index.php?rest_route=\/wp\/v2\/types\/page"}],"author":[{"embeddable":true,"href":"https:\/\/schreinerei-strell.de\/index.php?rest_route=\/wp\/v2\/users\/1"}],"replies":[{"embeddable":true,"href":"https:\/\/schreinerei-strell.de\/index.php?rest_route=%2Fwp%2Fv2%2Fcomments&post=1745"}],"version-history":[{"count":2,"href":"https:\/\/schreinerei-strell.de\/index.php?rest_route=\/wp\/v2\/pages\/1745\/revisions"}],"predecessor-version":[{"id":2824,"href":"https:\/\/schreinerei-strell.de\/index.php?rest_route=\/wp\/v2\/pages\/1745\/revisions\/2824"}],"wp:attachment":[{"href":"https:\/\/schreinerei-strell.de\/index.php?rest_route=%2Fwp%2Fv2%2Fmedia&parent=1745"}],"curies":[{"name":"wp","href":"https:\/\/api.w.org\/{rel}","templated":true}]}}