{"id":1735,"date":"2019-01-19T05:29:21","date_gmt":"2019-01-19T05:29:21","guid":{"rendered":"http:\/\/schreinerei-strell.de\/?page_id=1735"},"modified":"2023-03-14T11:41:50","modified_gmt":"2023-03-14T11:41:50","slug":"treppen","status":"publish","type":"page","link":"https:\/\/schreinerei-strell.de\/?page_id=1735","title":{"rendered":"Treppen"},"content":{"rendered":"<p>[et_pb_section fb_built=&#8220;1&#8243; next_background_color=&#8220;#ffffff&#8220; admin_label=&#8220;Hero&#8220; _builder_version=&#8220;4.16&#8243; use_background_color_gradient=&#8220;on&#8220; background_color_gradient_direction=&#8220;78deg&#8220; background_color_gradient_stops=&#8220;rgba(255,255,255,0.49) 0%|rgba(252,210,194,0) 100%&#8220; background_color_gradient_overlays_image=&#8220;on&#8220; background_color_gradient_start=&#8220;rgba(255,255,255,0.49)&#8220; background_color_gradient_end=&#8220;rgba(252,210,194,0)&#8220; background_image=&#8220;https:\/\/schreinerei-strell.de\/wp-content\/uploads\/2019\/01\/20150219_080112-1.jpg&#8220; custom_margin=&#8220;|||&#8220; custom_padding=&#8220;6vw||210px||false|false&#8220; filter_brightness=&#8220;102%&#8220; filter_contrast=&#8220;111%&#8220; bottom_divider_style=&#8220;mountains2&#8243; bottom_divider_repeat=&#8220;0.5x&#8220; bottom_divider_flip=&#8220;horizontal|vertical&#8220; global_colors_info=&#8220;{}&#8220;][et_pb_row column_structure=&#8220;1_2,1_2&#8243; _builder_version=&#8220;4.16&#8243; custom_margin=&#8220;|||&#8220; custom_padding=&#8220;27px|0px|0|0px|false|false&#8220; global_colors_info=&#8220;{}&#8220;][et_pb_column type=&#8220;1_2&#8243; _builder_version=&#8220;4.16&#8243; custom_padding=&#8220;|||&#8220; global_colors_info=&#8220;{}&#8220; custom_padding__hover=&#8220;|||&#8220;][et_pb_text _builder_version=&#8220;4.16&#8243; text_font=&#8220;||||||||&#8220; header_font=&#8220;Josefin Sans|700|||||||&#8220; header_font_size=&#8220;90px&#8220; header_line_height=&#8220;1.4em&#8220; header_2_font=&#8220;Josefin Sans||||||||&#8220; header_2_text_color=&#8220;rgba(255,255,255,0.6)&#8220; header_2_font_size=&#8220;32px&#8220; header_2_line_height=&#8220;1.4em&#8220; background_layout=&#8220;dark&#8220; animation_style=&#8220;slide&#8220; animation_direction=&#8220;right&#8220; animation_intensity_slide=&#8220;4%&#8220; header_font_size_tablet=&#8220;50px&#8220; header_font_size_phone=&#8220;32px&#8220; header_font_size_last_edited=&#8220;on|desktop&#8220; header_2_font_size_tablet=&#8220;&#8220; header_2_font_size_phone=&#8220;24px&#8220; header_2_font_size_last_edited=&#8220;on|phone&#8220; global_colors_info=&#8220;{}&#8220;]<\/p>\n<h1>TREPPEN<\/h1>\n<p>[\/et_pb_text][\/et_pb_column][et_pb_column type=&#8220;1_2&#8243; _builder_version=&#8220;4.16&#8243; custom_padding=&#8220;|||&#8220; global_colors_info=&#8220;{}&#8220; custom_padding__hover=&#8220;|||&#8220;][et_pb_blurb title=&#8220;%22Familie ist, wenn du genau weisst,<br \/>\nwer die Treppe runterkommt,<br \/>\n ohne hinzuschauen%22&#8243; use_icon=&#8220;on&#8220; font_icon=&#8220;&#x7c;||divi||400&#8243; icon_color=&#8220;#ffffff&#8220; image_icon_width=&#8220;50px&#8220; content_max_width=&#8220;341px&#8220; disabled_on=&#8220;on|off|off&#8220; _builder_version=&#8220;4.16&#8243; header_font=&#8220;Josefin Sans|600|||||||&#8220; header_text_color=&#8220;#ffffff&#8220; header_font_size=&#8220;23px&#8220; text_orientation=&#8220;center&#8220; custom_padding=&#8220;2%||&#8220; animation_style=&#8220;fade&#8220; animation_duration=&#8220;1150ms&#8220; animation_starting_opacity=&#8220;25%&#8220; icon_font_size=&#8220;50px&#8220; global_colors_info=&#8220;{}&#8220;][\/et_pb_blurb][\/et_pb_column][\/et_pb_row][\/et_pb_section][et_pb_section fb_built=&#8220;1&#8243; _builder_version=&#8220;4.16&#8243; max_width=&#8220;70%&#8220; max_width_tablet=&#8220;&#8220; max_width_phone=&#8220;90%&#8220; max_width_last_edited=&#8220;on|phone&#8220; module_alignment=&#8220;center&#8220; custom_margin=&#8220;2%||&#8220; custom_padding=&#8220;27px|0|1px|0px|false|false&#8220; box_shadow_style=&#8220;preset1&#8243; box_shadow_vertical=&#8220;13px&#8220; global_colors_info=&#8220;{}&#8220;][et_pb_row _builder_version=&#8220;4.16&#8243; custom_padding=&#8220;27px|0px|18px|0px|false|false&#8220; global_colors_info=&#8220;{}&#8220;][et_pb_column type=&#8220;4_4&#8243; _builder_version=&#8220;4.16&#8243; custom_padding=&#8220;|||&#8220; global_colors_info=&#8220;{}&#8220; custom_padding__hover=&#8220;|||&#8220;][et_pb_text _builder_version=&#8220;4.16&#8243; text_font=&#8220;Poppins|300|||||||&#8220; text_font_size=&#8220;18px&#8220; header_font=&#8220;Josefin Sans|700|||||||&#8220; header_text_align=&#8220;center&#8220; header_font_size=&#8220;35px&#8220; global_colors_info=&#8220;{}&#8220;]<\/p>\n<h1><span style=\"color: #333333;\"><strong>Funktional und Elegant <\/strong><\/span><\/h1>\n<p style=\"text-align: center;\"><span style=\"font-size: 18px; text-align: left;\">Wir fertigen jede Treppe nach den W\u00fcnschen unsere Kunden und schaffen so ein einzigartiges Verbindungsst\u00fcck in ihrem Zuhause. Ziel ist es Funktionalit\u00e4t und eine gewisse Eleganz zu verbinden, damit sich jede Treppe perfekt in das Wohnumfeld einf\u00fcgt.<\/span><\/p>\n<p style=\"text-align: center;\"><span style=\"font-size: 18px; text-align: left;\"><\/span><\/p>\n<p>[\/et_pb_text][et_pb_text _builder_version=&#8220;4.16&#8243; text_font=&#8220;Poppins|300|||||||&#8220; text_font_size=&#8220;18px&#8220; header_font=&#8220;Josefin Sans|700|||||||&#8220; header_text_align=&#8220;center&#8220; header_font_size=&#8220;35px&#8220; custom_margin=&#8220;60px||&#8220; global_colors_info=&#8220;{}&#8220;]<\/p>\n<h1><span style=\"color: #333333;\"><strong>So planen Sie Ihre Treppe<\/strong><\/span><\/h1>\n<p>[\/et_pb_text][\/et_pb_column][\/et_pb_row][et_pb_row _builder_version=&#8220;4.20.0&#8243; _module_preset=&#8220;default&#8220; custom_padding=&#8220;6px|||||&#8220; global_colors_info=&#8220;{}&#8220;][et_pb_column type=&#8220;4_4&#8243; _builder_version=&#8220;4.20.0&#8243; _module_preset=&#8220;default&#8220; global_colors_info=&#8220;{}&#8220;][et_pb_image src=&#8220;https:\/\/schreinerei-strell.de\/wp-content\/uploads\/2023\/03\/Treppen.jpg&#8220; title_text=&#8220;Treppen&#8220; _builder_version=&#8220;4.20.0&#8243; _module_preset=&#8220;default&#8220; global_colors_info=&#8220;{}&#8220;][\/et_pb_image][\/et_pb_column][\/et_pb_row][\/et_pb_section][et_pb_section fb_built=&#8220;1&#8243; _builder_version=&#8220;4.16&#8243; max_width=&#8220;70%&#8220; max_width_tablet=&#8220;&#8220; max_width_phone=&#8220;90%&#8220; max_width_last_edited=&#8220;on|phone&#8220; module_alignment=&#8220;center&#8220; custom_padding=&#8220;0|0px|0|0px|false|false&#8220; box_shadow_style=&#8220;preset1&#8243; box_shadow_vertical=&#8220;12px&#8220; global_colors_info=&#8220;{}&#8220;][et_pb_row _builder_version=&#8220;4.16&#8243; custom_margin=&#8220;||&#8220; custom_padding=&#8220;82px||55px||false|false&#8220; global_colors_info=&#8220;{}&#8220;][et_pb_column type=&#8220;4_4&#8243; _builder_version=&#8220;4.16&#8243; custom_padding=&#8220;||2%|&#8220; custom_css_main_element=&#8220;-webkit-box-shadow: 0 19px 38px rgba(0,0,0,0.15), 0 15px 12px rgba(0,0,0,0.10);||-moz-box-shadow: 0 19px 38px rgba(0,0,0,0.15), 0 15px 12px rgba(0,0,0,0.10);||box-shadow: 0 19px 38px rgba(0,0,0,0.15), 0 15px 12px rgba(0,0,0,0.10);||border-radius: 6px;||&#8220; global_colors_info=&#8220;{}&#8220; custom_padding__hover=&#8220;|||&#8220;][et_pb_blurb title=&#8220;REFERENZEN&#8220; use_icon=&#8220;on&#8220; font_icon=&#8220;&#xe006;||divi||400&#8243; icon_color=&#8220;#7f7f7f&#8220; image_icon_width=&#8220;50px&#8220; module_id=&#8220;center&#8220; module_class=&#8220;hvr-shrinkle&#8220; _builder_version=&#8220;4.16&#8243; header_font=&#8220;Josefin Sans|600|||||||&#8220; header_font_size=&#8220;22px&#8220; text_orientation=&#8220;center&#8220; custom_padding=&#8220;2%||&#8220; border_color_all=&#8220;#7f7f7f&#8220; border_width_top=&#8220;4px&#8220; icon_font_size=&#8220;50px&#8220; global_colors_info=&#8220;{}&#8220;][\/et_pb_blurb][\/et_pb_column][\/et_pb_row][et_pb_row use_custom_gutter=&#8220;on&#8220; gutter_width=&#8220;1&#8243; module_class=&#8220; et_pb_row_fullwidth&#8220; _builder_version=&#8220;4.16&#8243; width=&#8220;100%&#8220; width_tablet=&#8220;100%&#8220; width_phone=&#8220;&#8220; width_last_edited=&#8220;on|desktop&#8220; max_width=&#8220;100%&#8220; max_width_tablet=&#8220;100%&#8220; max_width_phone=&#8220;&#8220; max_width_last_edited=&#8220;on|desktop&#8220; custom_padding=&#8220;27px|0px|0|0px|false|false&#8220; make_fullwidth=&#8220;on&#8220; global_colors_info=&#8220;{}&#8220;][et_pb_column type=&#8220;4_4&#8243; _builder_version=&#8220;4.16&#8243; custom_padding=&#8220;|||&#8220; global_colors_info=&#8220;{}&#8220; custom_padding__hover=&#8220;|||&#8220;][et_pb_gallery gallery_ids=&#8220;2898,2899,2900,2901,2902,2903,2840,2841,2842,2843,2845,2846,2847,2848,2849,2850,2851,2852,2853,2854,2855,2856,2844,2857,2858,2859,2860,2861,2862,2863,2864,2865,2866,2867,2868,2869,2870,2873,2872,2871,2742,2743,2744,2746,2747,2748,2632,2246,2251,2741,2406,2407,2408,2409,2410,2411,2413,2414,2415,2740,2416,2548,2550,2745,2551,2417,2737,2738,2739&#8243; posts_number=&#8220;30&#8243; show_title_and_caption=&#8220;off&#8220; show_pagination=&#8220;off&#8220; zoom_icon_color=&#8220;#636363&#8243; hover_overlay_color=&#8220;rgba(255,255,255,0.54)&#8220; hover_icon=&#8220;&#x30;||divi||400&#8243; _builder_version=&#8220;4.20.0&#8243; hover_enabled=&#8220;0&#8243; custom_css_gallery_item=&#8220;padding: 3px;||&#8220; global_colors_info=&#8220;{}&#8220; sticky_enabled=&#8220;0&#8243;][\/et_pb_gallery][\/et_pb_column][\/et_pb_row][\/et_pb_section][et_pb_section fb_built=&#8220;1&#8243; admin_label=&#8220;Footer&#8220; _builder_version=&#8220;3.3.1&#8243; custom_padding=&#8220;54px|0px|54px|0px|false|false&#8220; global_module=&#8220;2111&#8243; saved_tabs=&#8220;all&#8220; global_colors_info=&#8220;{}&#8220;][et_pb_row _builder_version=&#8220;4.16&#8243; custom_padding=&#8220;|||&#8220; global_colors_info=&#8220;{}&#8220; column_structure=&#8220;1_3,1_3,1_3&#8243;][et_pb_column type=&#8220;1_3&#8243; _builder_version=&#8220;4.16&#8243; custom_padding=&#8220;|||&#8220; global_colors_info=&#8220;{}&#8220; custom_padding__hover=&#8220;|||&#8220;][et_pb_blurb title=&#8220;Telefon&#8220; use_icon=&#8220;on&#8220; font_icon=&#8220;&#xe090;||divi||400&#8243; icon_color=&#8220;#828282&#8243; image_icon_width=&#8220;32px&#8220; _builder_version=&#8220;4.16&#8243; header_font=&#8220;Josefin Sans|700||on|||||&#8220; header_text_align=&#8220;center&#8220; header_line_height=&#8220;1.7em&#8220; body_font=&#8220;Open Sans||||||||&#8220; body_text_align=&#8220;center&#8220; body_font_size=&#8220;18px&#8220; body_line_height=&#8220;0.7em&#8220; animation_style=&#8220;fold&#8220; animation_direction=&#8220;left&#8220; animation_delay=&#8220;200ms&#8220; animation_intensity_fold=&#8220;20%&#8220; icon_font_size=&#8220;32px&#8220; global_colors_info=&#8220;{}&#8220;]<\/p>\n<p>Tele.: 08075 913344<\/p>\n<p>Mobil: 0175 9504774<\/p>\n<p>[\/et_pb_blurb][\/et_pb_column][et_pb_column type=&#8220;1_3&#8243; _builder_version=&#8220;4.16&#8243; custom_padding=&#8220;|||&#8220; global_colors_info=&#8220;{}&#8220; custom_padding__hover=&#8220;|||&#8220;][et_pb_blurb title=&#8220;Standort&#8220; use_icon=&#8220;on&#8220; font_icon=&#8220;&#xe074;||divi||400&#8243; icon_color=&#8220;#828282&#8243; image_icon_width=&#8220;32px&#8220; _builder_version=&#8220;4.16&#8243; header_font=&#8220;Josefin Sans|700||on|||||&#8220; header_text_align=&#8220;center&#8220; header_line_height=&#8220;1.7em&#8220; body_font=&#8220;Open Sans||||||||&#8220; body_text_align=&#8220;center&#8220; body_font_size=&#8220;18px&#8220; body_line_height=&#8220;0.7em&#8220; icon_font_size=&#8220;32px&#8220; global_colors_info=&#8220;{}&#8220;]<\/p>\n<p>Untersur 6<\/p>\n<p>83123 Amerang<\/p>\n<p>[\/et_pb_blurb][\/et_pb_column][et_pb_column type=&#8220;1_3&#8243; _builder_version=&#8220;4.16&#8243; custom_padding=&#8220;|||&#8220; global_colors_info=&#8220;{}&#8220; custom_padding__hover=&#8220;|||&#8220;][et_pb_blurb title=&#8220;E-Mail&#8220; use_icon=&#8220;on&#8220; font_icon=&#8220;&#xe076;||divi||400&#8243; icon_color=&#8220;#828282&#8243; image_icon_width=&#8220;32px&#8220; _builder_version=&#8220;4.16&#8243; header_font=&#8220;Josefin Sans|700||on|||||&#8220; header_text_align=&#8220;center&#8220; header_line_height=&#8220;1.7em&#8220; body_font=&#8220;Open Sans||||||||&#8220; body_text_align=&#8220;center&#8220; body_font_size=&#8220;18px&#8220; body_line_height=&#8220;0.7em&#8220; animation_style=&#8220;fold&#8220; animation_direction=&#8220;left&#8220; animation_delay=&#8220;200ms&#8220; animation_intensity_fold=&#8220;20%&#8220; icon_font_size=&#8220;32px&#8220; global_colors_info=&#8220;{}&#8220;]<\/p>\n<p>werner.strell@freenet.de<\/p>\n<p>[\/et_pb_blurb][\/et_pb_column][\/et_pb_row][\/et_pb_section]<\/p>\n","protected":false},"excerpt":{"rendered":"<p>TREPPENFunktional und Elegant Wir fertigen jede Treppe nach den W\u00fcnschen unsere Kunden und schaffen so ein einzigartiges Verbindungsst\u00fcck in ihrem Zuhause. Ziel ist es Funktionalit\u00e4t und eine gewisse Eleganz zu verbinden, damit sich jede Treppe perfekt in das Wohnumfeld einf\u00fcgt. So planen Sie Ihre TreppeTele.: 08075 913344 Mobil: 0175 9504774Untersur 6 83123 Amerangwerner.strell@freenet.de<\/p>\n","protected":false},"author":1,"featured_media":0,"parent":0,"menu_order":0,"comment_status":"closed","ping_status":"closed","template":"","meta":{"_et_pb_use_builder":"on","_et_pb_old_content":"","_et_gb_content_width":""},"yoast_head":"<!-- This site is optimized with the Yoast SEO plugin v21.1 - https:\/\/yoast.com\/wordpress\/plugins\/seo\/ -->\n<title>Schreinerei Strell Amerang - Treppen<\/title>\n<meta name=\"description\" content=\"Wir fertigen jede Treppe nach den W\u00fcnschen unsere Kunden und schaffen so ein einzigartiges Verbindungsst\u00fcck in ihrem Zuhause.\" \/>\n<meta name=\"robots\" content=\"index, follow, max-snippet:-1, max-image-preview:large, max-video-preview:-1\" \/>\n<link rel=\"canonical\" href=\"https:\/\/schreinerei-strell.de\/?page_id=1735\" \/>\n<meta property=\"og:locale\" content=\"de_DE\" \/>\n<meta property=\"og:type\" content=\"article\" \/>\n<meta property=\"og:title\" content=\"Schreinerei Strell Amerang - Treppen\" \/>\n<meta property=\"og:description\" content=\"Wir fertigen jede Treppe nach den W\u00fcnschen unsere Kunden und schaffen so ein einzigartiges Verbindungsst\u00fcck in ihrem Zuhause.\" \/>\n<meta property=\"og:url\" content=\"https:\/\/schreinerei-strell.de\/?page_id=1735\" \/>\n<meta property=\"og:site_name\" content=\"Schreinerei Strell\" \/>\n<meta property=\"article:modified_time\" content=\"2023-03-14T11:41:50+00:00\" \/>\n<meta name=\"twitter:card\" content=\"summary_large_image\" \/>\n<meta name=\"twitter:label1\" content=\"Gesch\u00e4tzte Lesezeit\" \/>\n\t<meta name=\"twitter:data1\" content=\"6\u00a0Minuten\" \/>\n<script type=\"application\/ld+json\" class=\"yoast-schema-graph\">{\"@context\":\"https:\/\/schema.org\",\"@graph\":[{\"@type\":\"WebPage\",\"@id\":\"https:\/\/schreinerei-strell.de\/?page_id=1735\",\"url\":\"https:\/\/schreinerei-strell.de\/?page_id=1735\",\"name\":\"Schreinerei Strell Amerang - Treppen\",\"isPartOf\":{\"@id\":\"https:\/\/schreinerei-strell.de\/#website\"},\"datePublished\":\"2019-01-19T05:29:21+00:00\",\"dateModified\":\"2023-03-14T11:41:50+00:00\",\"description\":\"Wir fertigen jede Treppe nach den W\u00fcnschen unsere Kunden und schaffen so ein einzigartiges Verbindungsst\u00fcck in ihrem Zuhause.\",\"breadcrumb\":{\"@id\":\"https:\/\/schreinerei-strell.de\/?page_id=1735#breadcrumb\"},\"inLanguage\":\"de\",\"potentialAction\":[{\"@type\":\"ReadAction\",\"target\":[\"https:\/\/schreinerei-strell.de\/?page_id=1735\"]}]},{\"@type\":\"BreadcrumbList\",\"@id\":\"https:\/\/schreinerei-strell.de\/?page_id=1735#breadcrumb\",\"itemListElement\":[{\"@type\":\"ListItem\",\"position\":1,\"name\":\"Home\",\"item\":\"https:\/\/schreinerei-strell.de\/\"},{\"@type\":\"ListItem\",\"position\":2,\"name\":\"Treppen\"}]},{\"@type\":\"WebSite\",\"@id\":\"https:\/\/schreinerei-strell.de\/#website\",\"url\":\"https:\/\/schreinerei-strell.de\/\",\"name\":\"Schreinerei Strell\",\"description\":\"Schreinerei Strell - Amerang\",\"publisher\":{\"@id\":\"https:\/\/schreinerei-strell.de\/#organization\"},\"potentialAction\":[{\"@type\":\"SearchAction\",\"target\":{\"@type\":\"EntryPoint\",\"urlTemplate\":\"https:\/\/schreinerei-strell.de\/?s={search_term_string}\"},\"query-input\":\"required name=search_term_string\"}],\"inLanguage\":\"de\"},{\"@type\":\"Organization\",\"@id\":\"https:\/\/schreinerei-strell.de\/#organization\",\"name\":\"Schreinerei Strell Amerang\",\"url\":\"https:\/\/schreinerei-strell.de\/\",\"logo\":{\"@type\":\"ImageObject\",\"inLanguage\":\"de\",\"@id\":\"https:\/\/schreinerei-strell.de\/#\/schema\/logo\/image\/\",\"url\":\"https:\/\/schreinerei-strell.de\/wp-content\/uploads\/2019\/01\/WhatsApp-Image-2018-12-12-at-3.49.05-PM.png\",\"contentUrl\":\"https:\/\/schreinerei-strell.de\/wp-content\/uploads\/2019\/01\/WhatsApp-Image-2018-12-12-at-3.49.05-PM.png\",\"width\":768,\"height\":768,\"caption\":\"Schreinerei Strell Amerang\"},\"image\":{\"@id\":\"https:\/\/schreinerei-strell.de\/#\/schema\/logo\/image\/\"}}]}<\/script>\n<!-- \/ Yoast SEO plugin. -->","yoast_head_json":{"title":"Schreinerei Strell Amerang - Treppen","description":"Wir fertigen jede Treppe nach den W\u00fcnschen unsere Kunden und schaffen so ein einzigartiges Verbindungsst\u00fcck in ihrem Zuhause.","robots":{"index":"index","follow":"follow","max-snippet":"max-snippet:-1","max-image-preview":"max-image-preview:large","max-video-preview":"max-video-preview:-1"},"canonical":"https:\/\/schreinerei-strell.de\/?page_id=1735","og_locale":"de_DE","og_type":"article","og_title":"Schreinerei Strell Amerang - Treppen","og_description":"Wir fertigen jede Treppe nach den W\u00fcnschen unsere Kunden und schaffen so ein einzigartiges Verbindungsst\u00fcck in ihrem Zuhause.","og_url":"https:\/\/schreinerei-strell.de\/?page_id=1735","og_site_name":"Schreinerei Strell","article_modified_time":"2023-03-14T11:41:50+00:00","twitter_card":"summary_large_image","twitter_misc":{"Gesch\u00e4tzte Lesezeit":"6\u00a0Minuten"},"schema":{"@context":"https:\/\/schema.org","@graph":[{"@type":"WebPage","@id":"https:\/\/schreinerei-strell.de\/?page_id=1735","url":"https:\/\/schreinerei-strell.de\/?page_id=1735","name":"Schreinerei Strell Amerang - Treppen","isPartOf":{"@id":"https:\/\/schreinerei-strell.de\/#website"},"datePublished":"2019-01-19T05:29:21+00:00","dateModified":"2023-03-14T11:41:50+00:00","description":"Wir fertigen jede Treppe nach den W\u00fcnschen unsere Kunden und schaffen so ein einzigartiges Verbindungsst\u00fcck in ihrem Zuhause.","breadcrumb":{"@id":"https:\/\/schreinerei-strell.de\/?page_id=1735#breadcrumb"},"inLanguage":"de","potentialAction":[{"@type":"ReadAction","target":["https:\/\/schreinerei-strell.de\/?page_id=1735"]}]},{"@type":"BreadcrumbList","@id":"https:\/\/schreinerei-strell.de\/?page_id=1735#breadcrumb","itemListElement":[{"@type":"ListItem","position":1,"name":"Home","item":"https:\/\/schreinerei-strell.de\/"},{"@type":"ListItem","position":2,"name":"Treppen"}]},{"@type":"WebSite","@id":"https:\/\/schreinerei-strell.de\/#website","url":"https:\/\/schreinerei-strell.de\/","name":"Schreinerei Strell","description":"Schreinerei Strell - Amerang","publisher":{"@id":"https:\/\/schreinerei-strell.de\/#organization"},"potentialAction":[{"@type":"SearchAction","target":{"@type":"EntryPoint","urlTemplate":"https:\/\/schreinerei-strell.de\/?s={search_term_string}"},"query-input":"required name=search_term_string"}],"inLanguage":"de"},{"@type":"Organization","@id":"https:\/\/schreinerei-strell.de\/#organization","name":"Schreinerei Strell Amerang","url":"https:\/\/schreinerei-strell.de\/","logo":{"@type":"ImageObject","inLanguage":"de","@id":"https:\/\/schreinerei-strell.de\/#\/schema\/logo\/image\/","url":"https:\/\/schreinerei-strell.de\/wp-content\/uploads\/2019\/01\/WhatsApp-Image-2018-12-12-at-3.49.05-PM.png","contentUrl":"https:\/\/schreinerei-strell.de\/wp-content\/uploads\/2019\/01\/WhatsApp-Image-2018-12-12-at-3.49.05-PM.png","width":768,"height":768,"caption":"Schreinerei Strell Amerang"},"image":{"@id":"https:\/\/schreinerei-strell.de\/#\/schema\/logo\/image\/"}}]}},"_links":{"self":[{"href":"https:\/\/schreinerei-strell.de\/index.php?rest_route=\/wp\/v2\/pages\/1735"}],"collection":[{"href":"https:\/\/schreinerei-strell.de\/index.php?rest_route=\/wp\/v2\/pages"}],"about":[{"href":"https:\/\/schreinerei-strell.de\/index.php?rest_route=\/wp\/v2\/types\/page"}],"author":[{"embeddable":true,"href":"https:\/\/schreinerei-strell.de\/index.php?rest_route=\/wp\/v2\/users\/1"}],"replies":[{"embeddable":true,"href":"https:\/\/schreinerei-strell.de\/index.php?rest_route=%2Fwp%2Fv2%2Fcomments&post=1735"}],"version-history":[{"count":3,"href":"https:\/\/schreinerei-strell.de\/index.php?rest_route=\/wp\/v2\/pages\/1735\/revisions"}],"predecessor-version":[{"id":2904,"href":"https:\/\/schreinerei-strell.de\/index.php?rest_route=\/wp\/v2\/pages\/1735\/revisions\/2904"}],"wp:attachment":[{"href":"https:\/\/schreinerei-strell.de\/index.php?rest_route=%2Fwp%2Fv2%2Fmedia&parent=1735"}],"curies":[{"name":"wp","href":"https:\/\/api.w.org\/{rel}","templated":true}]}}